{"id":3816,"date":"2020-01-30T08:47:21","date_gmt":"2020-01-30T08:47:21","guid":{"rendered":"http:\/\/192.168.156.27\/?page_id=3816"},"modified":"2020-02-06T19:03:24","modified_gmt":"2020-02-06T19:03:24","slug":"kontakty","status":"publish","type":"page","link":"https:\/\/www.mojezaloha.cz\/index.php\/kontakty\/","title":{"rendered":"Kontakty"},"content":{"rendered":"\t\t<div data-elementor-type=\"wp-page\" data-elementor-id=\"3816\" class=\"elementor elementor-3816\">\n\t\t\t\t\t\t<section class=\"elementor-section elementor-top-section elementor-element elementor-element-af097e9 elementor-section-full_width elementor-section-height-default elementor-section-height-default\" data-id=\"af097e9\" data-element_type=\"section\" data-e-type=\"section\">\n\t\t\t\t\t\t<div class=\"elementor-container elementor-column-gap-default\">\n\t\t\t\t\t<div class=\"elementor-column elementor-col-100 elementor-top-column elementor-element elementor-element-bb83b6b\" data-id=\"bb83b6b\" data-element_type=\"column\" data-e-type=\"column\">\n\t\t\t<div class=\"elementor-widget-wrap elementor-element-populated\">\n\t\t\t\t\t\t<div class=\"elementor-element elementor-element-a3ae631 elementor-widget elementor-widget-text-editor\" data-id=\"a3ae631\" data-element_type=\"widget\" data-e-type=\"widget\" data-widget_type=\"text-editor.default\">\n\t\t\t\t<div class=\"elementor-widget-container\">\n\t\t\t\t\t\t\t\t\t<h2><strong>Kontakt<\/strong><\/h2><p><strong><br \/>Obchodn\u00ed odd\u011blen\u00ed serveru MojeZaloha.cz<\/strong> <br \/><br \/>M\u00e1te-li z\u00e1jem z\u00edskat informace o cen\u00e1ch nebo partnersk\u00e9mu programu, kontaktujte obchodn\u00ed odd\u011blen\u00ed serveru MojeZaloha.cz: <br \/><br \/>Kdykoliv e-mailem: <br \/>obchod@mojezaloha.cz <br \/>mojezaloha@exterra-services.cz<br \/><br \/>V pracovn\u00ed dny od 9:00 do 17:00: <br \/>+420 602 119 906 Petr \u0160antr\u016f\u010dek<strong><br \/><br \/>Odd\u011blen\u00ed technick\u00e9 podpory serveru MojeZaloha.cz<\/strong> <br \/><br \/>M\u00e1te-li z\u00e1jem se registrovat jako u\u017eivatel slu\u017eby, nebo jako partner, zru\u0161it svou registraci anebo zm\u011bnit z\u00e1lohovac\u00ed pl\u00e1ch, pot\u0159ebujete pomoci s instalac\u00ed klientsk\u00e9ho sw, nebo chcete poradit jak nastavit p\u0159ipojen\u00ed k z\u00e1lohovac\u00edmu serveru? V tomto a podobn\u00fdch p\u0159\u00edpadech ontaktujte odd\u011blen\u00ed technick\u00e9 podpory serveru MojeZaloha.cz: <br \/><br \/>Kdykoliv e-mailem: <br \/>helpdesk@mojezaloha.cz <br \/>helpdesk@exterra-services.cz<br \/><br \/>V pracovn\u00ed dny od 9:00 do 17:00: <br \/>+420 602 234 333<strong><br \/><br \/>Po\u0161tovn\u00ed adresa<\/strong> <br \/>exTerra Services s.r.o. <br \/>BUSINESS CENTRUM Lisabonsk\u00e1 799 <br \/>Lisabonsk\u00e1 799 <br \/>Praha 9 &#8211; Vyso\u010dany<br \/>190 00<\/p>\t\t\t\t\t\t\t\t<\/div>\n\t\t\t\t<\/div>\n\t\t\t\t\t<\/div>\n\t\t<\/div>\n\t\t\t\t\t<\/div>\n\t\t<\/section>\n\t\t\t\t<\/div>\n\t\t","protected":false},"excerpt":{"rendered":"<p>Kontakt Obchodn\u00ed odd\u011blen\u00ed serveru MojeZaloha.cz M\u00e1te-li z\u00e1jem z\u00edskat informace o cen\u00e1ch nebo partnersk\u00e9mu programu, kontaktujte obchodn\u00ed odd\u011blen\u00ed serveru MojeZaloha.cz: Kdykoliv e-mailem: obchod@mojezaloha.cz mojezaloha@exterra-services.cz V pracovn\u00ed dny od 9:00 do 17:00: +420 602 119 906 Petr \u0160antr\u016f\u010dek Odd\u011blen\u00ed technick\u00e9 podpory serveru MojeZaloha.cz M\u00e1te-li z\u00e1jem se registrovat [&hellip;]<\/p>\n","protected":false},"author":1,"featured_media":0,"parent":0,"menu_order":0,"comment_status":"closed","ping_status":"closed","template":"","meta":{"footnotes":""},"class_list":["post-3816","page","type-page","status-publish","hentry"],"yoast_head":"<!-- This site is optimized with the Yoast SEO plugin v27.1.1 - https:\/\/yoast.com\/product\/yoast-seo-wordpress\/ -->\n<title>Kontakty - MojeZaloha.cz<\/title>\n<meta name=\"description\" content=\"M\u00e1te-li z\u00e1jem z\u00edskat informace o cen\u00e1ch nebo partnersk\u00e9mu programu, kontaktujte obchodn\u00ed odd\u011blen\u00ed serveru MojeZaloha.cz. Kdykoliv e-mailem:\" \/>\n<meta name=\"robots\" content=\"index, follow, max-snippet:-1, max-image-preview:large, max-video-preview:-1\" \/>\n<link rel=\"canonical\" href=\"https:\/\/www.mojezaloha.cz\/index.php\/kontakty\/\" \/>\n<meta property=\"og:locale\" content=\"cs_CZ\" \/>\n<meta property=\"og:type\" content=\"article\" \/>\n<meta property=\"og:title\" content=\"Kontakty - MojeZaloha.cz\" \/>\n<meta property=\"og:description\" content=\"M\u00e1te-li z\u00e1jem z\u00edskat informace o cen\u00e1ch nebo partnersk\u00e9mu programu, kontaktujte obchodn\u00ed odd\u011blen\u00ed serveru MojeZaloha.cz. Kdykoliv e-mailem:\" \/>\n<meta property=\"og:url\" content=\"https:\/\/www.mojezaloha.cz\/index.php\/kontakty\/\" \/>\n<meta property=\"og:site_name\" content=\"MojeZaloha.cz\" \/>\n<meta property=\"article:modified_time\" content=\"2020-02-06T19:03:24+00:00\" \/>\n<meta name=\"twitter:card\" content=\"summary_large_image\" \/>\n<meta name=\"twitter:label1\" content=\"Odhadovan\u00e1 doba \u010dten\u00ed\" \/>\n\t<meta name=\"twitter:data1\" content=\"1 minuta\" \/>\n<script type=\"application\/ld+json\" class=\"yoast-schema-graph\">{\"@context\":\"https:\/\/schema.org\",\"@graph\":[{\"@type\":\"WebPage\",\"@id\":\"https:\/\/www.mojezaloha.cz\/index.php\/kontakty\/\",\"url\":\"https:\/\/www.mojezaloha.cz\/index.php\/kontakty\/\",\"name\":\"Kontakty - MojeZaloha.cz\",\"isPartOf\":{\"@id\":\"https:\/\/www.mojezaloha.cz\/#website\"},\"datePublished\":\"2020-01-30T08:47:21+00:00\",\"dateModified\":\"2020-02-06T19:03:24+00:00\",\"description\":\"M\u00e1te-li z\u00e1jem z\u00edskat informace o cen\u00e1ch nebo partnersk\u00e9mu programu, kontaktujte obchodn\u00ed odd\u011blen\u00ed serveru MojeZaloha.cz. Kdykoliv e-mailem:\",\"breadcrumb\":{\"@id\":\"https:\/\/www.mojezaloha.cz\/index.php\/kontakty\/#breadcrumb\"},\"inLanguage\":\"cs\",\"potentialAction\":[{\"@type\":\"ReadAction\",\"target\":[\"https:\/\/www.mojezaloha.cz\/index.php\/kontakty\/\"]}]},{\"@type\":\"BreadcrumbList\",\"@id\":\"https:\/\/www.mojezaloha.cz\/index.php\/kontakty\/#breadcrumb\",\"itemListElement\":[{\"@type\":\"ListItem\",\"position\":1,\"name\":\"Home\",\"item\":\"https:\/\/www.mojezaloha.cz\/\"},{\"@type\":\"ListItem\",\"position\":2,\"name\":\"Kontakty\"}]},{\"@type\":\"WebSite\",\"@id\":\"https:\/\/www.mojezaloha.cz\/#website\",\"url\":\"https:\/\/www.mojezaloha.cz\/\",\"name\":\"MojeZaloha.cz\",\"description\":\"\",\"publisher\":{\"@id\":\"https:\/\/www.mojezaloha.cz\/#organization\"},\"potentialAction\":[{\"@type\":\"SearchAction\",\"target\":{\"@type\":\"EntryPoint\",\"urlTemplate\":\"https:\/\/www.mojezaloha.cz\/?s={search_term_string}\"},\"query-input\":{\"@type\":\"PropertyValueSpecification\",\"valueRequired\":true,\"valueName\":\"search_term_string\"}}],\"inLanguage\":\"cs\"},{\"@type\":\"Organization\",\"@id\":\"https:\/\/www.mojezaloha.cz\/#organization\",\"name\":\"MojeZaloha.cz\",\"url\":\"https:\/\/www.mojezaloha.cz\/\",\"logo\":{\"@type\":\"ImageObject\",\"inLanguage\":\"cs\",\"@id\":\"https:\/\/www.mojezaloha.cz\/#\/schema\/logo\/image\/\",\"url\":\"https:\/\/www.mojezaloha.cz\/wp-content\/uploads\/2020\/01\/cropped-mojezaloha-logo-3-9.png\",\"contentUrl\":\"https:\/\/www.mojezaloha.cz\/wp-content\/uploads\/2020\/01\/cropped-mojezaloha-logo-3-9.png\",\"width\":435,\"height\":136,\"caption\":\"MojeZaloha.cz\"},\"image\":{\"@id\":\"https:\/\/www.mojezaloha.cz\/#\/schema\/logo\/image\/\"}}]}<\/script>\n<!-- \/ Yoast SEO plugin. -->","yoast_head_json":{"title":"Kontakty - MojeZaloha.cz","description":"M\u00e1te-li z\u00e1jem z\u00edskat informace o cen\u00e1ch nebo partnersk\u00e9mu programu, kontaktujte obchodn\u00ed odd\u011blen\u00ed serveru MojeZaloha.cz. Kdykoliv e-mailem:","robots":{"index":"index","follow":"follow","max-snippet":"max-snippet:-1","max-image-preview":"max-image-preview:large","max-video-preview":"max-video-preview:-1"},"canonical":"https:\/\/www.mojezaloha.cz\/index.php\/kontakty\/","og_locale":"cs_CZ","og_type":"article","og_title":"Kontakty - MojeZaloha.cz","og_description":"M\u00e1te-li z\u00e1jem z\u00edskat informace o cen\u00e1ch nebo partnersk\u00e9mu programu, kontaktujte obchodn\u00ed odd\u011blen\u00ed serveru MojeZaloha.cz. Kdykoliv e-mailem:","og_url":"https:\/\/www.mojezaloha.cz\/index.php\/kontakty\/","og_site_name":"MojeZaloha.cz","article_modified_time":"2020-02-06T19:03:24+00:00","twitter_card":"summary_large_image","twitter_misc":{"Odhadovan\u00e1 doba \u010dten\u00ed":"1 minuta"},"schema":{"@context":"https:\/\/schema.org","@graph":[{"@type":"WebPage","@id":"https:\/\/www.mojezaloha.cz\/index.php\/kontakty\/","url":"https:\/\/www.mojezaloha.cz\/index.php\/kontakty\/","name":"Kontakty - MojeZaloha.cz","isPartOf":{"@id":"https:\/\/www.mojezaloha.cz\/#website"},"datePublished":"2020-01-30T08:47:21+00:00","dateModified":"2020-02-06T19:03:24+00:00","description":"M\u00e1te-li z\u00e1jem z\u00edskat informace o cen\u00e1ch nebo partnersk\u00e9mu programu, kontaktujte obchodn\u00ed odd\u011blen\u00ed serveru MojeZaloha.cz. Kdykoliv e-mailem:","breadcrumb":{"@id":"https:\/\/www.mojezaloha.cz\/index.php\/kontakty\/#breadcrumb"},"inLanguage":"cs","potentialAction":[{"@type":"ReadAction","target":["https:\/\/www.mojezaloha.cz\/index.php\/kontakty\/"]}]},{"@type":"BreadcrumbList","@id":"https:\/\/www.mojezaloha.cz\/index.php\/kontakty\/#breadcrumb","itemListElement":[{"@type":"ListItem","position":1,"name":"Home","item":"https:\/\/www.mojezaloha.cz\/"},{"@type":"ListItem","position":2,"name":"Kontakty"}]},{"@type":"WebSite","@id":"https:\/\/www.mojezaloha.cz\/#website","url":"https:\/\/www.mojezaloha.cz\/","name":"MojeZaloha.cz","description":"","publisher":{"@id":"https:\/\/www.mojezaloha.cz\/#organization"},"potentialAction":[{"@type":"SearchAction","target":{"@type":"EntryPoint","urlTemplate":"https:\/\/www.mojezaloha.cz\/?s={search_term_string}"},"query-input":{"@type":"PropertyValueSpecification","valueRequired":true,"valueName":"search_term_string"}}],"inLanguage":"cs"},{"@type":"Organization","@id":"https:\/\/www.mojezaloha.cz\/#organization","name":"MojeZaloha.cz","url":"https:\/\/www.mojezaloha.cz\/","logo":{"@type":"ImageObject","inLanguage":"cs","@id":"https:\/\/www.mojezaloha.cz\/#\/schema\/logo\/image\/","url":"https:\/\/www.mojezaloha.cz\/wp-content\/uploads\/2020\/01\/cropped-mojezaloha-logo-3-9.png","contentUrl":"https:\/\/www.mojezaloha.cz\/wp-content\/uploads\/2020\/01\/cropped-mojezaloha-logo-3-9.png","width":435,"height":136,"caption":"MojeZaloha.cz"},"image":{"@id":"https:\/\/www.mojezaloha.cz\/#\/schema\/logo\/image\/"}}]}},"_links":{"self":[{"href":"https:\/\/www.mojezaloha.cz\/index.php\/wp-json\/wp\/v2\/pages\/3816","targetHints":{"allow":["GET"]}}],"collection":[{"href":"https:\/\/www.mojezaloha.cz\/index.php\/wp-json\/wp\/v2\/pages"}],"about":[{"href":"https:\/\/www.mojezaloha.cz\/index.php\/wp-json\/wp\/v2\/types\/page"}],"author":[{"embeddable":true,"href":"https:\/\/www.mojezaloha.cz\/index.php\/wp-json\/wp\/v2\/users\/1"}],"replies":[{"embeddable":true,"href":"https:\/\/www.mojezaloha.cz\/index.php\/wp-json\/wp\/v2\/comments?post=3816"}],"version-history":[{"count":9,"href":"https:\/\/www.mojezaloha.cz\/index.php\/wp-json\/wp\/v2\/pages\/3816\/revisions"}],"predecessor-version":[{"id":4090,"href":"https:\/\/www.mojezaloha.cz\/index.php\/wp-json\/wp\/v2\/pages\/3816\/revisions\/4090"}],"wp:attachment":[{"href":"https:\/\/www.mojezaloha.cz\/index.php\/wp-json\/wp\/v2\/media?parent=3816"}],"curies":[{"name":"wp","href":"https:\/\/api.w.org\/{rel}","templated":true}]}}