{"id":3815,"date":"2020-01-30T08:47:21","date_gmt":"2020-01-30T08:47:21","guid":{"rendered":"http:\/\/192.168.156.27\/?page_id=3815"},"modified":"2020-02-06T15:42:22","modified_gmt":"2020-02-06T15:42:22","slug":"spolecnosti","status":"publish","type":"page","link":"https:\/\/www.mojezaloha.cz\/index.php\/spolecnosti\/","title":{"rendered":"Spole\u010dnost"},"content":{"rendered":"\t\t<div data-elementor-type=\"wp-page\" data-elementor-id=\"3815\" class=\"elementor elementor-3815\">\n\t\t\t\t\t\t<section class=\"elementor-section elementor-top-section elementor-element elementor-element-fbf4016 elementor-section-boxed elementor-section-height-default elementor-section-height-default\" data-id=\"fbf4016\" data-element_type=\"section\" data-e-type=\"section\">\n\t\t\t\t\t\t<div class=\"elementor-container elementor-column-gap-default\">\n\t\t\t\t\t<div class=\"elementor-column elementor-col-100 elementor-top-column elementor-element elementor-element-48e6077\" data-id=\"48e6077\" data-element_type=\"column\" data-e-type=\"column\">\n\t\t\t<div class=\"elementor-widget-wrap elementor-element-populated\">\n\t\t\t\t\t\t<div class=\"elementor-element elementor-element-0f86174 elementor-tabs-view-horizontal elementor-widget elementor-widget-tabs\" data-id=\"0f86174\" data-element_type=\"widget\" data-e-type=\"widget\" data-widget_type=\"tabs.default\">\n\t\t\t\t<div class=\"elementor-widget-container\">\n\t\t\t\t\t\t\t<div class=\"elementor-tabs\">\n\t\t\t<div class=\"elementor-tabs-wrapper\" role=\"tablist\" >\n\t\t\t\t\t\t\t\t\t<div id=\"elementor-tab-title-1621\" class=\"elementor-tab-title elementor-tab-desktop-title\" aria-selected=\"true\" data-tab=\"1\" role=\"tab\" tabindex=\"0\" aria-controls=\"elementor-tab-content-1621\" aria-expanded=\"false\">O n\u00e1s<\/div>\n\t\t\t\t\t\t\t\t\t<div id=\"elementor-tab-title-1622\" class=\"elementor-tab-title elementor-tab-desktop-title\" aria-selected=\"false\" data-tab=\"2\" role=\"tab\" tabindex=\"-1\" aria-controls=\"elementor-tab-content-1622\" aria-expanded=\"false\">Kari\u00e9ra<\/div>\n\t\t\t\t\t\t\t<\/div>\n\t\t\t<div class=\"elementor-tabs-content-wrapper\" role=\"tablist\" aria-orientation=\"vertical\">\n\t\t\t\t\t\t\t\t\t<div class=\"elementor-tab-title elementor-tab-mobile-title\" aria-selected=\"true\" data-tab=\"1\" role=\"tab\" tabindex=\"0\" aria-controls=\"elementor-tab-content-1621\" aria-expanded=\"false\">O n\u00e1s<\/div>\n\t\t\t\t\t<div id=\"elementor-tab-content-1621\" class=\"elementor-tab-content elementor-clearfix\" data-tab=\"1\" role=\"tabpanel\" aria-labelledby=\"elementor-tab-title-1621\" tabindex=\"0\" hidden=\"false\"><h2><strong>O n\u00e1s<\/strong><\/h2><p>Server MojeZaloha.cz provozuje spole\u010dnost exTerra Services s.r.o. MojeZaloha.cz poskytuje \u0159e\u0161en\u00ed pro bezpe\u010dn\u00e9 z\u00e1lohov\u00e1n\u00ed a obnovu dat, kter\u00e9 je ur\u010deno pro dom\u00e1cnosti i firmy. Z\u00e1lohovat lze libovoln\u00e1 data &#8211; finan\u010dn\u00ed v\u00fdkazy i rodinn\u00e9 fotografie. Data se pomoc\u00ed pokro\u010dil\u00fdch technologi\u00ed z\u00e1lohuj\u00ed z PC a server\u016f do internetov\u00e9ho z\u00e1lohovac\u00edho syst\u00e9mu.<\/p><p>Za obchodn\u00ed \u00fasp\u011bch bude n\u00e1\u0161 t\u00fdm pova\u017eovat z\u00e1lohov\u00e1n\u00ed 20 tis\u00edc on-line p\u0159ipojen\u00fdch po\u010d\u00edta\u010d\u016f a server\u016f. Server MojeZaloha.cz nab\u00edz\u00ed sv\u00e9 slu\u017eby p\u0159edev\u0161\u00edm pomoc\u00ed t\u0159et\u00edch subjekt\u016f jako dopln\u011bk jejich slu\u017eeb, jde zejm\u00e9na o ISP (internet service providers), obchodn\u00edky na trhu slu\u017eeb pro SOHO (Small Office and Home Office).<\/p><p>MojeZaloha.cz vyu\u017e\u00edv\u00e1 pro sv\u00e1 \u0159e\u0161en\u00ed pokro\u010dil\u00e9 technologie spole\u010dnost\u00ed IBM a Microsoft. V\u00fdznamn\u00fd n\u00e1r\u016fst na trhu online z\u00e1lohovac\u00edch slu\u017eeb o\u010dek\u00e1v\u00e1me v p\u0159\u00ed\u0161t\u00edch t\u0159ech letech.<\/p><p><strong>Historie<\/strong><\/p><ul><li>Duben 2001 &#8211; zalo\u017eena spole\u010dnost Datcoma, s.r.o. &#8211; p\u016fvodn\u00ed majitel slu\u017eby<\/li><li>Prosinec 2004 &#8211; definov\u00e1n z\u00e1m\u011br zp\u0159\u00edstupnit slu\u017ebu vzd\u00e1len\u00e9ho z\u00e1lohov\u00e1n\u00ed<\/li><li>\u0158\u00edjen 2005 &#8211; provedena anal\u00fdza a realizov\u00e1na prvn\u00ed f\u00e1ze v\u00fdvoje syst\u00e9mu<\/li><li>Listopad 2006 &#8211; ofici\u00e1ln\u00ed p\u0159edstaven\u00ed a spu\u0161t\u011bn\u00ed serveru MojeZaloha.cz<\/li><li>\u010cervenec 2012 &#8211; p\u0159evzet\u00ed slu\u017eby spole\u010dnost\u00ed exTerra Services s.r.o.<\/li><li>\u0158\u00edjen 2012 &#8211; IBM certifikovala \u0159e\u0161en\u00ed MojeZaloha.cz jako <a href=\"http:\/\/www.ibm.com\/software\/ismlibrary?NavCode=1TW10SM4L\" target=\"_blank\" rel=\"noopener\">&#8222;Ready for Tivoli&#8220;<\/a><\/li><li>Listopad 2012 &#8211; instalace sekund\u00e1rn\u00edho TSM serveru do druh\u00e9 lokality<\/li><\/ul><\/div>\n\t\t\t\t\t\t\t\t\t<div class=\"elementor-tab-title elementor-tab-mobile-title\" aria-selected=\"false\" data-tab=\"2\" role=\"tab\" tabindex=\"-1\" aria-controls=\"elementor-tab-content-1622\" aria-expanded=\"false\">Kari\u00e9ra<\/div>\n\t\t\t\t\t<div id=\"elementor-tab-content-1622\" class=\"elementor-tab-content elementor-clearfix\" data-tab=\"2\" role=\"tabpanel\" aria-labelledby=\"elementor-tab-title-1622\" tabindex=\"0\" hidden=\"hidden\"><h2><strong>Kari\u00e9ra<\/strong><\/h2><p><br \/><strong>Obchodn\u00edk<\/strong> <br \/>Server MojeZaloha.cz hled\u00e1 obchodn\u00edky pro prodej \u0159e\u0161en\u00ed na cel\u00e9m \u00fazem\u00ed \u010cR.<strong><br \/><br \/>Po\u017eadujeme:<\/strong><br \/><br \/>V\u0160\/S\u0160 vzd\u011bl\u00e1n\u00ed<br \/>Praxi v obchodn\u00edm odd\u011blen\u00ed ICT firmy<br \/>Dobrou orientaci ve slu\u017eb\u00e1ch backup&amp;recovery<br \/>Maxim\u00e1ln\u00ed nasazen\u00ed, schopnost plnit n\u00e1ro\u010dn\u00e9 po\u017eadavky<strong><br \/><br \/>Nab\u00edz\u00edme:<\/strong><br \/><br \/>Dynamicky rozv\u00edjej\u00edc\u00ed se pracovn\u00ed kolektiv<br \/>Odpov\u00eddaj\u00edc\u00ed ohodnocen\u00ed<\/p><\/div>\n\t\t\t\t\t\t\t<\/div>\n\t\t<\/div>\n\t\t\t\t\t\t<\/div>\n\t\t\t\t<\/div>\n\t\t\t\t\t<\/div>\n\t\t<\/div>\n\t\t\t\t\t<\/div>\n\t\t<\/section>\n\t\t\t\t<\/div>\n\t\t","protected":false},"excerpt":{"rendered":"<p>O n\u00e1s Kari\u00e9ra O n\u00e1s O n\u00e1s Server MojeZaloha.cz provozuje spole\u010dnost exTerra Services s.r.o. MojeZaloha.cz poskytuje \u0159e\u0161en\u00ed pro bezpe\u010dn\u00e9 z\u00e1lohov\u00e1n\u00ed a obnovu dat, kter\u00e9 je ur\u010deno pro dom\u00e1cnosti i firmy. Z\u00e1lohovat lze libovoln\u00e1 data &#8211; finan\u010dn\u00ed v\u00fdkazy i rodinn\u00e9 fotografie. Data se pomoc\u00ed pokro\u010dil\u00fdch technologi\u00ed [&hellip;]<\/p>\n","protected":false},"author":1,"featured_media":0,"parent":0,"menu_order":0,"comment_status":"closed","ping_status":"closed","template":"","meta":{"footnotes":""},"class_list":["post-3815","page","type-page","status-publish","hentry"],"yoast_head":"<!-- This site is optimized with the Yoast SEO plugin v27.1.1 - https:\/\/yoast.com\/product\/yoast-seo-wordpress\/ -->\n<title>Spole\u010dnost - MojeZaloha.cz<\/title>\n<meta name=\"robots\" content=\"index, follow, max-snippet:-1, max-image-preview:large, max-video-preview:-1\" \/>\n<link rel=\"canonical\" href=\"https:\/\/www.mojezaloha.cz\/index.php\/spolecnosti\/\" \/>\n<meta property=\"og:locale\" content=\"cs_CZ\" \/>\n<meta property=\"og:type\" content=\"article\" \/>\n<meta property=\"og:title\" content=\"Spole\u010dnost - MojeZaloha.cz\" \/>\n<meta property=\"og:description\" content=\"O n\u00e1s Kari\u00e9ra O n\u00e1s O n\u00e1s Server MojeZaloha.cz provozuje spole\u010dnost exTerra Services s.r.o. MojeZaloha.cz poskytuje \u0159e\u0161en\u00ed pro bezpe\u010dn\u00e9 z\u00e1lohov\u00e1n\u00ed a obnovu dat, kter\u00e9 je ur\u010deno pro dom\u00e1cnosti i firmy. Z\u00e1lohovat lze libovoln\u00e1 data &#8211; finan\u010dn\u00ed v\u00fdkazy i rodinn\u00e9 fotografie. Data se pomoc\u00ed pokro\u010dil\u00fdch technologi\u00ed [&hellip;]\" \/>\n<meta property=\"og:url\" content=\"https:\/\/www.mojezaloha.cz\/index.php\/spolecnosti\/\" \/>\n<meta property=\"og:site_name\" content=\"MojeZaloha.cz\" \/>\n<meta property=\"article:modified_time\" content=\"2020-02-06T15:42:22+00:00\" \/>\n<meta name=\"twitter:card\" content=\"summary_large_image\" \/>\n<meta name=\"twitter:label1\" content=\"Odhadovan\u00e1 doba \u010dten\u00ed\" \/>\n\t<meta name=\"twitter:data1\" content=\"2 minuty\" \/>\n<script type=\"application\/ld+json\" class=\"yoast-schema-graph\">{\"@context\":\"https:\/\/schema.org\",\"@graph\":[{\"@type\":\"WebPage\",\"@id\":\"https:\/\/www.mojezaloha.cz\/index.php\/spolecnosti\/\",\"url\":\"https:\/\/www.mojezaloha.cz\/index.php\/spolecnosti\/\",\"name\":\"Spole\u010dnost - MojeZaloha.cz\",\"isPartOf\":{\"@id\":\"https:\/\/www.mojezaloha.cz\/#website\"},\"datePublished\":\"2020-01-30T08:47:21+00:00\",\"dateModified\":\"2020-02-06T15:42:22+00:00\",\"breadcrumb\":{\"@id\":\"https:\/\/www.mojezaloha.cz\/index.php\/spolecnosti\/#breadcrumb\"},\"inLanguage\":\"cs\",\"potentialAction\":[{\"@type\":\"ReadAction\",\"target\":[\"https:\/\/www.mojezaloha.cz\/index.php\/spolecnosti\/\"]}]},{\"@type\":\"BreadcrumbList\",\"@id\":\"https:\/\/www.mojezaloha.cz\/index.php\/spolecnosti\/#breadcrumb\",\"itemListElement\":[{\"@type\":\"ListItem\",\"position\":1,\"name\":\"Home\",\"item\":\"https:\/\/www.mojezaloha.cz\/\"},{\"@type\":\"ListItem\",\"position\":2,\"name\":\"Spole\u010dnost\"}]},{\"@type\":\"WebSite\",\"@id\":\"https:\/\/www.mojezaloha.cz\/#website\",\"url\":\"https:\/\/www.mojezaloha.cz\/\",\"name\":\"MojeZaloha.cz\",\"description\":\"\",\"publisher\":{\"@id\":\"https:\/\/www.mojezaloha.cz\/#organization\"},\"potentialAction\":[{\"@type\":\"SearchAction\",\"target\":{\"@type\":\"EntryPoint\",\"urlTemplate\":\"https:\/\/www.mojezaloha.cz\/?s={search_term_string}\"},\"query-input\":{\"@type\":\"PropertyValueSpecification\",\"valueRequired\":true,\"valueName\":\"search_term_string\"}}],\"inLanguage\":\"cs\"},{\"@type\":\"Organization\",\"@id\":\"https:\/\/www.mojezaloha.cz\/#organization\",\"name\":\"MojeZaloha.cz\",\"url\":\"https:\/\/www.mojezaloha.cz\/\",\"logo\":{\"@type\":\"ImageObject\",\"inLanguage\":\"cs\",\"@id\":\"https:\/\/www.mojezaloha.cz\/#\/schema\/logo\/image\/\",\"url\":\"https:\/\/www.mojezaloha.cz\/wp-content\/uploads\/2020\/01\/cropped-mojezaloha-logo-3-9.png\",\"contentUrl\":\"https:\/\/www.mojezaloha.cz\/wp-content\/uploads\/2020\/01\/cropped-mojezaloha-logo-3-9.png\",\"width\":435,\"height\":136,\"caption\":\"MojeZaloha.cz\"},\"image\":{\"@id\":\"https:\/\/www.mojezaloha.cz\/#\/schema\/logo\/image\/\"}}]}<\/script>\n<!-- \/ Yoast SEO plugin. -->","yoast_head_json":{"title":"Spole\u010dnost - MojeZaloha.cz","robots":{"index":"index","follow":"follow","max-snippet":"max-snippet:-1","max-image-preview":"max-image-preview:large","max-video-preview":"max-video-preview:-1"},"canonical":"https:\/\/www.mojezaloha.cz\/index.php\/spolecnosti\/","og_locale":"cs_CZ","og_type":"article","og_title":"Spole\u010dnost - MojeZaloha.cz","og_description":"O n\u00e1s Kari\u00e9ra O n\u00e1s O n\u00e1s Server MojeZaloha.cz provozuje spole\u010dnost exTerra Services s.r.o. MojeZaloha.cz poskytuje \u0159e\u0161en\u00ed pro bezpe\u010dn\u00e9 z\u00e1lohov\u00e1n\u00ed a obnovu dat, kter\u00e9 je ur\u010deno pro dom\u00e1cnosti i firmy. Z\u00e1lohovat lze libovoln\u00e1 data &#8211; finan\u010dn\u00ed v\u00fdkazy i rodinn\u00e9 fotografie. Data se pomoc\u00ed pokro\u010dil\u00fdch technologi\u00ed [&hellip;]","og_url":"https:\/\/www.mojezaloha.cz\/index.php\/spolecnosti\/","og_site_name":"MojeZaloha.cz","article_modified_time":"2020-02-06T15:42:22+00:00","twitter_card":"summary_large_image","twitter_misc":{"Odhadovan\u00e1 doba \u010dten\u00ed":"2 minuty"},"schema":{"@context":"https:\/\/schema.org","@graph":[{"@type":"WebPage","@id":"https:\/\/www.mojezaloha.cz\/index.php\/spolecnosti\/","url":"https:\/\/www.mojezaloha.cz\/index.php\/spolecnosti\/","name":"Spole\u010dnost - MojeZaloha.cz","isPartOf":{"@id":"https:\/\/www.mojezaloha.cz\/#website"},"datePublished":"2020-01-30T08:47:21+00:00","dateModified":"2020-02-06T15:42:22+00:00","breadcrumb":{"@id":"https:\/\/www.mojezaloha.cz\/index.php\/spolecnosti\/#breadcrumb"},"inLanguage":"cs","potentialAction":[{"@type":"ReadAction","target":["https:\/\/www.mojezaloha.cz\/index.php\/spolecnosti\/"]}]},{"@type":"BreadcrumbList","@id":"https:\/\/www.mojezaloha.cz\/index.php\/spolecnosti\/#breadcrumb","itemListElement":[{"@type":"ListItem","position":1,"name":"Home","item":"https:\/\/www.mojezaloha.cz\/"},{"@type":"ListItem","position":2,"name":"Spole\u010dnost"}]},{"@type":"WebSite","@id":"https:\/\/www.mojezaloha.cz\/#website","url":"https:\/\/www.mojezaloha.cz\/","name":"MojeZaloha.cz","description":"","publisher":{"@id":"https:\/\/www.mojezaloha.cz\/#organization"},"potentialAction":[{"@type":"SearchAction","target":{"@type":"EntryPoint","urlTemplate":"https:\/\/www.mojezaloha.cz\/?s={search_term_string}"},"query-input":{"@type":"PropertyValueSpecification","valueRequired":true,"valueName":"search_term_string"}}],"inLanguage":"cs"},{"@type":"Organization","@id":"https:\/\/www.mojezaloha.cz\/#organization","name":"MojeZaloha.cz","url":"https:\/\/www.mojezaloha.cz\/","logo":{"@type":"ImageObject","inLanguage":"cs","@id":"https:\/\/www.mojezaloha.cz\/#\/schema\/logo\/image\/","url":"https:\/\/www.mojezaloha.cz\/wp-content\/uploads\/2020\/01\/cropped-mojezaloha-logo-3-9.png","contentUrl":"https:\/\/www.mojezaloha.cz\/wp-content\/uploads\/2020\/01\/cropped-mojezaloha-logo-3-9.png","width":435,"height":136,"caption":"MojeZaloha.cz"},"image":{"@id":"https:\/\/www.mojezaloha.cz\/#\/schema\/logo\/image\/"}}]}},"_links":{"self":[{"href":"https:\/\/www.mojezaloha.cz\/index.php\/wp-json\/wp\/v2\/pages\/3815","targetHints":{"allow":["GET"]}}],"collection":[{"href":"https:\/\/www.mojezaloha.cz\/index.php\/wp-json\/wp\/v2\/pages"}],"about":[{"href":"https:\/\/www.mojezaloha.cz\/index.php\/wp-json\/wp\/v2\/types\/page"}],"author":[{"embeddable":true,"href":"https:\/\/www.mojezaloha.cz\/index.php\/wp-json\/wp\/v2\/users\/1"}],"replies":[{"embeddable":true,"href":"https:\/\/www.mojezaloha.cz\/index.php\/wp-json\/wp\/v2\/comments?post=3815"}],"version-history":[{"count":7,"href":"https:\/\/www.mojezaloha.cz\/index.php\/wp-json\/wp\/v2\/pages\/3815\/revisions"}],"predecessor-version":[{"id":4107,"href":"https:\/\/www.mojezaloha.cz\/index.php\/wp-json\/wp\/v2\/pages\/3815\/revisions\/4107"}],"wp:attachment":[{"href":"https:\/\/www.mojezaloha.cz\/index.php\/wp-json\/wp\/v2\/media?parent=3815"}],"curies":[{"name":"wp","href":"https:\/\/api.w.org\/{rel}","templated":true}]}}