{"id":3813,"date":"2020-01-30T08:47:20","date_gmt":"2020-01-30T08:47:20","guid":{"rendered":"http:\/\/192.168.156.27\/?page_id=3813"},"modified":"2020-02-05T19:13:53","modified_gmt":"2020-02-05T19:13:53","slug":"podpora","status":"publish","type":"page","link":"https:\/\/www.mojezaloha.cz\/index.php\/podpora\/","title":{"rendered":"Podpora"},"content":{"rendered":"\t\t<div data-elementor-type=\"wp-page\" data-elementor-id=\"3813\" class=\"elementor elementor-3813\">\n\t\t\t\t\t\t<section class=\"elementor-section elementor-top-section elementor-element elementor-element-bed1f47 elementor-section-boxed elementor-section-height-default elementor-section-height-default\" data-id=\"bed1f47\" data-element_type=\"section\" data-e-type=\"section\">\n\t\t\t\t\t\t<div class=\"elementor-container elementor-column-gap-default\">\n\t\t\t\t\t<div class=\"elementor-column elementor-col-100 elementor-top-column elementor-element elementor-element-417a901\" data-id=\"417a901\" data-element_type=\"column\" data-e-type=\"column\">\n\t\t\t<div class=\"elementor-widget-wrap elementor-element-populated\">\n\t\t\t\t\t\t<div class=\"elementor-element elementor-element-d3cf0ad elementor-tabs-view-horizontal elementor-widget elementor-widget-tabs\" data-id=\"d3cf0ad\" data-element_type=\"widget\" data-e-type=\"widget\" data-widget_type=\"tabs.default\">\n\t\t\t\t<div class=\"elementor-widget-container\">\n\t\t\t\t\t\t\t<div class=\"elementor-tabs\">\n\t\t\t<div class=\"elementor-tabs-wrapper\" role=\"tablist\" >\n\t\t\t\t\t\t\t\t\t<div id=\"elementor-tab-title-2221\" class=\"elementor-tab-title elementor-tab-desktop-title\" aria-selected=\"true\" data-tab=\"1\" role=\"tab\" tabindex=\"0\" aria-controls=\"elementor-tab-content-2221\" aria-expanded=\"false\">Ke sta\u017een\u00ed<\/div>\n\t\t\t\t\t\t\t\t\t<div id=\"elementor-tab-title-2222\" class=\"elementor-tab-title elementor-tab-desktop-title\" aria-selected=\"false\" data-tab=\"2\" role=\"tab\" tabindex=\"-1\" aria-controls=\"elementor-tab-content-2222\" aria-expanded=\"false\">N\u00e1vody<\/div>\n\t\t\t\t\t\t\t\t\t<div id=\"elementor-tab-title-2223\" class=\"elementor-tab-title elementor-tab-desktop-title\" aria-selected=\"false\" data-tab=\"3\" role=\"tab\" tabindex=\"-1\" aria-controls=\"elementor-tab-content-2223\" aria-expanded=\"false\">Technick\u00e1 podpora<\/div>\n\t\t\t\t\t\t\t<\/div>\n\t\t\t<div class=\"elementor-tabs-content-wrapper\" role=\"tablist\" aria-orientation=\"vertical\">\n\t\t\t\t\t\t\t\t\t<div class=\"elementor-tab-title elementor-tab-mobile-title\" aria-selected=\"true\" data-tab=\"1\" role=\"tab\" tabindex=\"0\" aria-controls=\"elementor-tab-content-2221\" aria-expanded=\"false\">Ke sta\u017een\u00ed<\/div>\n\t\t\t\t\t<div id=\"elementor-tab-content-2221\" class=\"elementor-tab-content elementor-clearfix\" data-tab=\"1\" role=\"tabpanel\" aria-labelledby=\"elementor-tab-title-2221\" tabindex=\"0\" hidden=\"false\"><h2><strong>Sta\u017een\u00ed klientsk\u00e9ho software<\/strong><\/h2><p>P\u0159ed sta\u017een\u00edm a instalac\u00ed klienta se mus\u00edte registrovat a aktivovat \u00fa\u010det na serveru MojeZaloha.cz Obratem obdr\u017e\u00edte e-mailem n\u00e1zev \u00fa\u010dtu a p\u0159\u00edstupov\u00e9 heslo k zabezpe\u010den\u00e9mu prostoru na serveru MojeZaloha.cz. Jste-li registrov\u00e1ni a m\u00e1te aktivov\u00e1n \u00fa\u010det na serveru Mojezaloha.cz m\u016f\u017eete st\u00e1hnout a nainstalovat klientsk\u00fd software.<\/p><\/div>\n\t\t\t\t\t\t\t\t\t<div class=\"elementor-tab-title elementor-tab-mobile-title\" aria-selected=\"false\" data-tab=\"2\" role=\"tab\" tabindex=\"-1\" aria-controls=\"elementor-tab-content-2222\" aria-expanded=\"false\">N\u00e1vody<\/div>\n\t\t\t\t\t<div id=\"elementor-tab-content-2222\" class=\"elementor-tab-content elementor-clearfix\" data-tab=\"2\" role=\"tabpanel\" aria-labelledby=\"elementor-tab-title-2222\" tabindex=\"0\" hidden=\"hidden\"><h2><strong>N\u00e1vody<\/strong><\/h2><p>Zde si m\u016f\u017eete st\u00e1hnou praktick\u00fd n\u00e1vod na instalaci a konfiguraci slu\u017eby MojeZ\u00e1loha.cz. V instala\u010dn\u00ed p\u0159\u00edru\u010dce se dozv\u00edte jak nainstalovat z\u00e1lohovac\u00ed software na V\u00e1\u0161 po\u010d\u00edta\u010d, jak doinstalovat \u010de\u0161tinu, jak se p\u0159ipojit k serveru MojeZaloha.cz a jak zm\u011bnit Va\u0161e heslo, kter\u00fdm zabezpe\u010d\u00edte svoje data. <br \/><br \/><\/p><div class=\"dxattachl\"><ul><li class=\"pdf\"><a title=\"N\u00e1vod na zprovozn\u011bn\u00ed slu\u017eby MojeZaloha.pdf\" href=\"http:\/\/www.mojezaloha.cz\/www\/mojezaloha.nsf\/dx\/N%C3%A1vod%20na%20zprovozn%C4%9Bn%C3%AD%20slu%C5%BEby%20MojeZaloha.pdf\/$file\/N%C3%A1vod%20na%20zprovozn%C4%9Bn%C3%AD%20slu%C5%BEby%20MojeZaloha.pdf\">N\u00e1vod na zprovozn\u011bn\u00ed slu\u017eby MojeZaloha.pdf<\/a><\/li><\/ul><\/div><\/div>\n\t\t\t\t\t\t\t\t\t<div class=\"elementor-tab-title elementor-tab-mobile-title\" aria-selected=\"false\" data-tab=\"3\" role=\"tab\" tabindex=\"-1\" aria-controls=\"elementor-tab-content-2223\" aria-expanded=\"false\">Technick\u00e1 podpora<\/div>\n\t\t\t\t\t<div id=\"elementor-tab-content-2223\" class=\"elementor-tab-content elementor-clearfix\" data-tab=\"3\" role=\"tabpanel\" aria-labelledby=\"elementor-tab-title-2223\" tabindex=\"0\" hidden=\"hidden\"><h2><strong>Technick\u00e1 podpora<\/strong><\/h2><p>V\u00edtejte v sekci technick\u00e9 podpory serveru MojeZaloha.cz. Technick\u00e1 podpora je dostupn\u00e1 od 9:00 do 17:00 SE\u010c, od pond\u011bl\u00ed do p\u00e1tku.<\/p><p>U\u017eivatel\u00e9, kte\u0159\u00ed maj\u00ed zakoupen libovoln\u00fd z\u00e1lohovac\u00ed pl\u00e1n mohou vyu\u017e\u00edvat slu\u017eeb technick\u00e9 podpory. Server Mojezaloha.cz poskytuje nav\u00edc bezplatnou 15ti denn\u00ed podporu v\u0161em zaregistrovan\u00fdm u\u017eivatel\u016fm. M\u00e1te-li z\u00e1jem o prioritn\u00ed technickou podporu kontaktujte obchodn\u00ed odd\u011blen\u00ed serveru MojeZaloha.cz.<\/p><p>Technick\u00e1 podpora je poskytov\u00e1na prost\u0159ednictv\u00edm emailu, telefonu, servisn\u00edho z\u00e1sahu<\/p><p>Kontakty na technickou podporu naleznete<u> <a title=\"kontakt.htm\" href=\"http:\/\/www.mojezaloha.cz\/www\/mojezaloha.nsf\/dx\/kontakt.htm\">zde.<\/a><\/u><\/p><\/div>\n\t\t\t\t\t\t\t<\/div>\n\t\t<\/div>\n\t\t\t\t\t\t<\/div>\n\t\t\t\t<\/div>\n\t\t\t\t\t<\/div>\n\t\t<\/div>\n\t\t\t\t\t<\/div>\n\t\t<\/section>\n\t\t\t\t<\/div>\n\t\t","protected":false},"excerpt":{"rendered":"<p>Ke sta\u017een\u00ed N\u00e1vody Technick\u00e1 podpora Ke sta\u017een\u00ed Sta\u017een\u00ed klientsk\u00e9ho software P\u0159ed sta\u017een\u00edm a instalac\u00ed klienta se mus\u00edte registrovat a aktivovat \u00fa\u010det na serveru MojeZaloha.cz Obratem obdr\u017e\u00edte e-mailem n\u00e1zev \u00fa\u010dtu a p\u0159\u00edstupov\u00e9 heslo k zabezpe\u010den\u00e9mu prostoru na serveru MojeZaloha.cz. Jste-li registrov\u00e1ni a m\u00e1te aktivov\u00e1n \u00fa\u010det na [&hellip;]<\/p>\n","protected":false},"author":1,"featured_media":0,"parent":0,"menu_order":0,"comment_status":"closed","ping_status":"closed","template":"","meta":{"footnotes":""},"class_list":["post-3813","page","type-page","status-publish","hentry"],"yoast_head":"<!-- This site is optimized with the Yoast SEO plugin v27.1.1 - https:\/\/yoast.com\/product\/yoast-seo-wordpress\/ -->\n<title>Podpora - MojeZaloha.cz<\/title>\n<meta name=\"robots\" content=\"index, follow, max-snippet:-1, max-image-preview:large, max-video-preview:-1\" \/>\n<link rel=\"canonical\" href=\"https:\/\/www.mojezaloha.cz\/index.php\/podpora\/\" \/>\n<meta property=\"og:locale\" content=\"cs_CZ\" \/>\n<meta property=\"og:type\" content=\"article\" \/>\n<meta property=\"og:title\" content=\"Podpora - MojeZaloha.cz\" \/>\n<meta property=\"og:description\" content=\"Ke sta\u017een\u00ed N\u00e1vody Technick\u00e1 podpora Ke sta\u017een\u00ed Sta\u017een\u00ed klientsk\u00e9ho software P\u0159ed sta\u017een\u00edm a instalac\u00ed klienta se mus\u00edte registrovat a aktivovat \u00fa\u010det na serveru MojeZaloha.cz Obratem obdr\u017e\u00edte e-mailem n\u00e1zev \u00fa\u010dtu a p\u0159\u00edstupov\u00e9 heslo k zabezpe\u010den\u00e9mu prostoru na serveru MojeZaloha.cz. Jste-li registrov\u00e1ni a m\u00e1te aktivov\u00e1n \u00fa\u010det na [&hellip;]\" \/>\n<meta property=\"og:url\" content=\"https:\/\/www.mojezaloha.cz\/index.php\/podpora\/\" \/>\n<meta property=\"og:site_name\" content=\"MojeZaloha.cz\" \/>\n<meta property=\"article:modified_time\" content=\"2020-02-05T19:13:53+00:00\" \/>\n<meta name=\"twitter:card\" content=\"summary_large_image\" \/>\n<meta name=\"twitter:label1\" content=\"Odhadovan\u00e1 doba \u010dten\u00ed\" \/>\n\t<meta name=\"twitter:data1\" content=\"1 minuta\" \/>\n<script type=\"application\/ld+json\" class=\"yoast-schema-graph\">{\"@context\":\"https:\/\/schema.org\",\"@graph\":[{\"@type\":\"WebPage\",\"@id\":\"https:\/\/www.mojezaloha.cz\/index.php\/podpora\/\",\"url\":\"https:\/\/www.mojezaloha.cz\/index.php\/podpora\/\",\"name\":\"Podpora - MojeZaloha.cz\",\"isPartOf\":{\"@id\":\"https:\/\/www.mojezaloha.cz\/#website\"},\"datePublished\":\"2020-01-30T08:47:20+00:00\",\"dateModified\":\"2020-02-05T19:13:53+00:00\",\"breadcrumb\":{\"@id\":\"https:\/\/www.mojezaloha.cz\/index.php\/podpora\/#breadcrumb\"},\"inLanguage\":\"cs\",\"potentialAction\":[{\"@type\":\"ReadAction\",\"target\":[\"https:\/\/www.mojezaloha.cz\/index.php\/podpora\/\"]}]},{\"@type\":\"BreadcrumbList\",\"@id\":\"https:\/\/www.mojezaloha.cz\/index.php\/podpora\/#breadcrumb\",\"itemListElement\":[{\"@type\":\"ListItem\",\"position\":1,\"name\":\"Home\",\"item\":\"https:\/\/www.mojezaloha.cz\/\"},{\"@type\":\"ListItem\",\"position\":2,\"name\":\"Podpora\"}]},{\"@type\":\"WebSite\",\"@id\":\"https:\/\/www.mojezaloha.cz\/#website\",\"url\":\"https:\/\/www.mojezaloha.cz\/\",\"name\":\"MojeZaloha.cz\",\"description\":\"\",\"publisher\":{\"@id\":\"https:\/\/www.mojezaloha.cz\/#organization\"},\"potentialAction\":[{\"@type\":\"SearchAction\",\"target\":{\"@type\":\"EntryPoint\",\"urlTemplate\":\"https:\/\/www.mojezaloha.cz\/?s={search_term_string}\"},\"query-input\":{\"@type\":\"PropertyValueSpecification\",\"valueRequired\":true,\"valueName\":\"search_term_string\"}}],\"inLanguage\":\"cs\"},{\"@type\":\"Organization\",\"@id\":\"https:\/\/www.mojezaloha.cz\/#organization\",\"name\":\"MojeZaloha.cz\",\"url\":\"https:\/\/www.mojezaloha.cz\/\",\"logo\":{\"@type\":\"ImageObject\",\"inLanguage\":\"cs\",\"@id\":\"https:\/\/www.mojezaloha.cz\/#\/schema\/logo\/image\/\",\"url\":\"https:\/\/www.mojezaloha.cz\/wp-content\/uploads\/2020\/01\/cropped-mojezaloha-logo-3-9.png\",\"contentUrl\":\"https:\/\/www.mojezaloha.cz\/wp-content\/uploads\/2020\/01\/cropped-mojezaloha-logo-3-9.png\",\"width\":435,\"height\":136,\"caption\":\"MojeZaloha.cz\"},\"image\":{\"@id\":\"https:\/\/www.mojezaloha.cz\/#\/schema\/logo\/image\/\"}}]}<\/script>\n<!-- \/ Yoast SEO plugin. -->","yoast_head_json":{"title":"Podpora - MojeZaloha.cz","robots":{"index":"index","follow":"follow","max-snippet":"max-snippet:-1","max-image-preview":"max-image-preview:large","max-video-preview":"max-video-preview:-1"},"canonical":"https:\/\/www.mojezaloha.cz\/index.php\/podpora\/","og_locale":"cs_CZ","og_type":"article","og_title":"Podpora - MojeZaloha.cz","og_description":"Ke sta\u017een\u00ed N\u00e1vody Technick\u00e1 podpora Ke sta\u017een\u00ed Sta\u017een\u00ed klientsk\u00e9ho software P\u0159ed sta\u017een\u00edm a instalac\u00ed klienta se mus\u00edte registrovat a aktivovat \u00fa\u010det na serveru MojeZaloha.cz Obratem obdr\u017e\u00edte e-mailem n\u00e1zev \u00fa\u010dtu a p\u0159\u00edstupov\u00e9 heslo k zabezpe\u010den\u00e9mu prostoru na serveru MojeZaloha.cz. Jste-li registrov\u00e1ni a m\u00e1te aktivov\u00e1n \u00fa\u010det na [&hellip;]","og_url":"https:\/\/www.mojezaloha.cz\/index.php\/podpora\/","og_site_name":"MojeZaloha.cz","article_modified_time":"2020-02-05T19:13:53+00:00","twitter_card":"summary_large_image","twitter_misc":{"Odhadovan\u00e1 doba \u010dten\u00ed":"1 minuta"},"schema":{"@context":"https:\/\/schema.org","@graph":[{"@type":"WebPage","@id":"https:\/\/www.mojezaloha.cz\/index.php\/podpora\/","url":"https:\/\/www.mojezaloha.cz\/index.php\/podpora\/","name":"Podpora - MojeZaloha.cz","isPartOf":{"@id":"https:\/\/www.mojezaloha.cz\/#website"},"datePublished":"2020-01-30T08:47:20+00:00","dateModified":"2020-02-05T19:13:53+00:00","breadcrumb":{"@id":"https:\/\/www.mojezaloha.cz\/index.php\/podpora\/#breadcrumb"},"inLanguage":"cs","potentialAction":[{"@type":"ReadAction","target":["https:\/\/www.mojezaloha.cz\/index.php\/podpora\/"]}]},{"@type":"BreadcrumbList","@id":"https:\/\/www.mojezaloha.cz\/index.php\/podpora\/#breadcrumb","itemListElement":[{"@type":"ListItem","position":1,"name":"Home","item":"https:\/\/www.mojezaloha.cz\/"},{"@type":"ListItem","position":2,"name":"Podpora"}]},{"@type":"WebSite","@id":"https:\/\/www.mojezaloha.cz\/#website","url":"https:\/\/www.mojezaloha.cz\/","name":"MojeZaloha.cz","description":"","publisher":{"@id":"https:\/\/www.mojezaloha.cz\/#organization"},"potentialAction":[{"@type":"SearchAction","target":{"@type":"EntryPoint","urlTemplate":"https:\/\/www.mojezaloha.cz\/?s={search_term_string}"},"query-input":{"@type":"PropertyValueSpecification","valueRequired":true,"valueName":"search_term_string"}}],"inLanguage":"cs"},{"@type":"Organization","@id":"https:\/\/www.mojezaloha.cz\/#organization","name":"MojeZaloha.cz","url":"https:\/\/www.mojezaloha.cz\/","logo":{"@type":"ImageObject","inLanguage":"cs","@id":"https:\/\/www.mojezaloha.cz\/#\/schema\/logo\/image\/","url":"https:\/\/www.mojezaloha.cz\/wp-content\/uploads\/2020\/01\/cropped-mojezaloha-logo-3-9.png","contentUrl":"https:\/\/www.mojezaloha.cz\/wp-content\/uploads\/2020\/01\/cropped-mojezaloha-logo-3-9.png","width":435,"height":136,"caption":"MojeZaloha.cz"},"image":{"@id":"https:\/\/www.mojezaloha.cz\/#\/schema\/logo\/image\/"}}]}},"_links":{"self":[{"href":"https:\/\/www.mojezaloha.cz\/index.php\/wp-json\/wp\/v2\/pages\/3813","targetHints":{"allow":["GET"]}}],"collection":[{"href":"https:\/\/www.mojezaloha.cz\/index.php\/wp-json\/wp\/v2\/pages"}],"about":[{"href":"https:\/\/www.mojezaloha.cz\/index.php\/wp-json\/wp\/v2\/types\/page"}],"author":[{"embeddable":true,"href":"https:\/\/www.mojezaloha.cz\/index.php\/wp-json\/wp\/v2\/users\/1"}],"replies":[{"embeddable":true,"href":"https:\/\/www.mojezaloha.cz\/index.php\/wp-json\/wp\/v2\/comments?post=3813"}],"version-history":[{"count":7,"href":"https:\/\/www.mojezaloha.cz\/index.php\/wp-json\/wp\/v2\/pages\/3813\/revisions"}],"predecessor-version":[{"id":4088,"href":"https:\/\/www.mojezaloha.cz\/index.php\/wp-json\/wp\/v2\/pages\/3813\/revisions\/4088"}],"wp:attachment":[{"href":"https:\/\/www.mojezaloha.cz\/index.php\/wp-json\/wp\/v2\/media?parent=3813"}],"curies":[{"name":"wp","href":"https:\/\/api.w.org\/{rel}","templated":true}]}}