{"id":3812,"date":"2020-01-30T08:47:20","date_gmt":"2020-01-30T08:47:20","guid":{"rendered":"http:\/\/192.168.156.27\/?page_id=3812"},"modified":"2020-02-06T15:46:33","modified_gmt":"2020-02-06T15:46:33","slug":"produkty","status":"publish","type":"page","link":"https:\/\/www.mojezaloha.cz\/index.php\/produkty\/","title":{"rendered":"Produkty"},"content":{"rendered":"\t\t<div data-elementor-type=\"wp-page\" data-elementor-id=\"3812\" class=\"elementor elementor-3812\">\n\t\t\t\t\t\t<section class=\"elementor-section elementor-top-section elementor-element elementor-element-c550259 elementor-section-boxed elementor-section-height-default elementor-section-height-default\" data-id=\"c550259\" data-element_type=\"section\" data-e-type=\"section\">\n\t\t\t\t\t\t<div class=\"elementor-container elementor-column-gap-default\">\n\t\t\t\t\t<div class=\"elementor-column elementor-col-100 elementor-top-column elementor-element elementor-element-b154da3\" data-id=\"b154da3\" data-element_type=\"column\" data-e-type=\"column\">\n\t\t\t<div class=\"elementor-widget-wrap elementor-element-populated\">\n\t\t\t\t\t\t<div class=\"elementor-element elementor-element-4379425 elementor-tabs-view-horizontal elementor-widget elementor-widget-tabs\" data-id=\"4379425\" data-element_type=\"widget\" data-e-type=\"widget\" data-widget_type=\"tabs.default\">\n\t\t\t\t<div class=\"elementor-widget-container\">\n\t\t\t\t\t\t\t<div class=\"elementor-tabs\">\n\t\t\t<div class=\"elementor-tabs-wrapper\" role=\"tablist\" >\n\t\t\t\t\t\t\t\t\t<div id=\"elementor-tab-title-7071\" class=\"elementor-tab-title elementor-tab-desktop-title\" aria-selected=\"true\" data-tab=\"1\" role=\"tab\" tabindex=\"0\" aria-controls=\"elementor-tab-content-7071\" aria-expanded=\"false\">Ve\u0159ejn\u00fd cloud MojeZaloha.cz<\/div>\n\t\t\t\t\t\t\t\t\t<div id=\"elementor-tab-title-7072\" class=\"elementor-tab-title elementor-tab-desktop-title\" aria-selected=\"false\" data-tab=\"2\" role=\"tab\" tabindex=\"-1\" aria-controls=\"elementor-tab-content-7072\" aria-expanded=\"false\">Priv\u00e1tn\u00ed cloud MojeZaloha.cz<\/div>\n\t\t\t\t\t\t\t<\/div>\n\t\t\t<div class=\"elementor-tabs-content-wrapper\" role=\"tablist\" aria-orientation=\"vertical\">\n\t\t\t\t\t\t\t\t\t<div class=\"elementor-tab-title elementor-tab-mobile-title\" aria-selected=\"true\" data-tab=\"1\" role=\"tab\" tabindex=\"0\" aria-controls=\"elementor-tab-content-7071\" aria-expanded=\"false\">Ve\u0159ejn\u00fd cloud MojeZaloha.cz<\/div>\n\t\t\t\t\t<div id=\"elementor-tab-content-7071\" class=\"elementor-tab-content elementor-clearfix\" data-tab=\"1\" role=\"tabpanel\" aria-labelledby=\"elementor-tab-title-7071\" tabindex=\"0\" hidden=\"false\"><h2><strong>Ve\u0159ejn\u00fd cloud MojeZ\u00e1loha.cz<\/strong><\/h2><p>je slu\u017eba, kter\u00e1 umo\u017e\u0148uje u\u017eivatel\u016fm pravideln\u00e9 bezpe\u010dn\u00e9 z\u00e1lohov\u00e1n\u00ed a obnoven\u00ed d\u016fle\u017eit\u00fdch dat um\u00edst\u011bn\u00fdch na jejich po\u010d\u00edta\u010di. K tomu, aby z\u00e1loha prob\u011bhla nemus\u00ed u\u017eivatel vykonat aktivn\u00ed krok, nepot\u0159ebuje z\u00e1lohovac\u00ed m\u00e9dia. Nainstaluje si z\u00e1lohovac\u00ed program, ve kter\u00e9m nastav\u00ed pravidla z\u00e1lohov\u00e1n\u00ed (jednou pro v\u017edy) a z\u00e1lohov\u00e1n\u00ed pak v pravideln\u00fdch intervalech b\u011b\u017e\u00ed samo.<\/p><p>Pravideln\u00e9 z\u00e1lohov\u00e1n\u00ed p\u0159edem dohodnut\u00fdch slo\u017eek se uskute\u010d\u0148uje prost\u0159ednictv\u00edm zabezpe\u010den\u00e9ho internetov\u00e9ho spojen\u00ed na d\u016fv\u011bryhodn\u00fd a bezpe\u010dn\u00fd z\u00e1lohovac\u00ed server. Tento z\u00e1lohovac\u00ed server je mimo dosah rizik, kter\u00e1 b\u011b\u017en\u011b ohro\u017euj\u00ed u\u017eivatelsk\u00e1 data. Rizika p\u0159i kter\u00fdch \u010dasto doch\u00e1z\u00ed k tot\u00e1ln\u00ed ztr\u00e1t\u011b dat jsou nap\u0159\u00edklad: po\u017e\u00e1r, kr\u00e1de\u017e, chyba HW, chyba obsluhy, atd. Automatizovan\u00e1 z\u00e1loha obsahuje v\u017edy 3 posledn\u00ed existujici verze soubor\u016f a 1 posledn\u00ed smazanou verzi souboru je\u0161t\u011b 60 dn\u00ed po v\u00fdmazu!<\/p><p>U\u017eivatel m\u016f\u017ee tak\u00e9 jednor\u00e1zov\u011b z\u00e1lohovat libovoln\u00e9 soubory a slo\u017eky na sv\u00e9m po\u010d\u00edta\u010di pomoc\u00ed grafick\u00e9ho u\u017eivatelsky p\u0159\u00edjemn\u00e9ho prost\u0159en\u00ed. Jednodu\u0161e vybere to co se m\u00e1 z\u00e1lohovat a spust\u00ed z\u00e1lohu. Tato z\u00e1loha op\u011bt obsahuje 3 posledn\u00ed existujici verze a 1 posledn\u00ed smazanou verzi 60 dn\u00ed po v\u00fdmazu.<\/p><p>Dal\u0161\u00ed mo\u017enost\u00ed, kterou slu\u017eba MojeZ\u00e1loha.cz nab\u00edz\u00ed je archivace dat. Narozd\u00edl od z\u00e1lohy se archivace hod\u00ed pro d\u016fle\u017eit\u00e1 av\u0161ak nepou\u017e\u00edvan\u00e1 data. Tato data u\u017eivatel nejprve vybere a pot\u00e9 provede jejich archivaci. Archiv z\u016fstane v bezpe\u010d\u00ed na serveru MojeZ\u00e1loha.cz a z\u00e1kazn\u00edk si m\u016f\u017ee tato data kdykoli pozd\u011bji obnovit.<\/p><p>Z\u00e1kaznick\u00e1 data jsou proti zneu\u017eit\u00ed chr\u00e1n\u011bna n\u011bkolika zp\u016fsoby. Vlastn\u00ed data jsou p\u0159ed odesl\u00e1n\u00edm na server komprimov\u00e1na, d\u00e1le pak \u0161ifrov\u00e1na 128 bitov\u00fdm \u0161ifrovac\u00edm algoritmem. Spojen\u00ed mezi z\u00e1lohovan\u00fdm po\u010d\u00edta\u010dem a serverem je chr\u00e1n\u011bno proti odposlechu tunelov\u00fdm spojen\u00edm. Z\u00e1lohovac\u00ed server je chr\u00e1n\u011bn n\u011bkolika firewally. Data jsou ulo\u017eena na diskov\u00fdch pol\u00edch, jsou systematiky monitorov\u00e1na a replikov\u00e1na. Z\u00e1kazn\u00edk jako jedin\u00fd zn\u00e1 p\u0159\u00edstupov\u00e9 heslo ke sv\u00fdm dat\u016fm. Bez znalosti tohoto hesla nelze z\u00e1lohovan\u00e1 data dek\u00f3dovat ani provozovatelem slu\u017eby MojeZ\u00e1loha.cz.<\/p><p>Slu\u017eba MojeZaloha.cz vyu\u017e\u00edv\u00e1 nejmodern\u011bj\u0161\u00edch z\u00e1lohovac\u00edch \u0159e\u0161en\u00ed spole\u010dnosti IBM, je postavena na architektu\u0159e klient-server. Slu\u017eba je ur\u010dena pro dom\u00e1cnosti i firmy. Chceteli slu\u017ebu pou\u017e\u00edvat pod\u00edvejte se <a href=\"https:\/\/www.mojezaloha.cz\/index.php\/plany\/\"><b><u>jak na to?<\/u><\/b><\/a><\/p><\/div>\n\t\t\t\t\t\t\t\t\t<div class=\"elementor-tab-title elementor-tab-mobile-title\" aria-selected=\"false\" data-tab=\"2\" role=\"tab\" tabindex=\"-1\" aria-controls=\"elementor-tab-content-7072\" aria-expanded=\"false\">Priv\u00e1tn\u00ed cloud MojeZaloha.cz<\/div>\n\t\t\t\t\t<div id=\"elementor-tab-content-7072\" class=\"elementor-tab-content elementor-clearfix\" data-tab=\"2\" role=\"tabpanel\" aria-labelledby=\"elementor-tab-title-7072\" tabindex=\"0\" hidden=\"hidden\"><h2><strong>Priv\u00e1tn\u00ed cloud MojeZ\u00e1loha.cz<\/strong><\/h2><p>Pro z\u00e1kazn\u00edky, kter\u00fdm pou\u017eit\u00ed ve\u0159ejn\u00e9ho cloudu slu\u017eby MojeZ\u00e1loha.cz z jak\u00fdchkoliv d\u016fvod\u016f nevyhovuje (a\u0165 ji\u017e kv\u016fli p\u0159\u00edsn\u00fdm regulac\u00edm nakl\u00e1d\u00e1n\u00ed s daty a jejich ukl\u00e1d\u00e1n\u00ed mimo syst\u00e9my vlastn\u011bn\u00e9 p\u0159\u00edmo spole\u010dnost\u00ed nebo pro velikost \u010di komplexnost (kombinace souborov\u00fdch syst\u00e9m\u016f, datab\u00e1z\u00ed, po\u0161tovn\u00edch syst\u00e9m\u016f, atd.) z\u00e1lohovan\u00fdch dat, kter\u00e9 si vy\u017eaduj\u00ed individu\u00e1ln\u00ed \u0159e\u0161en\u00ed, nab\u00edz\u00edme vybudov\u00e1n\u00ed jejich vlastn\u00edho \u0159e\u0161en\u00ed v priv\u00e1tn\u00edm cloudu. Jsme schopni takov\u00e9 \u0159e\u0161en\u00ed dodat na kl\u00ed\u010d \u010di spolupracovat se st\u00e1vaj\u00edc\u00edmi IT dodavateli z\u00e1kazn\u00edka. <br \/>Vzhledem k tomu, \u017ee jde o jednodu\u0161\u0161\u00ed klon ve\u0159ejn\u00e9ho cloudu na\u0161\u00ed slu\u017eby, je jeho implementace velmi rychl\u00e1 a tud\u00ed\u017e cenov\u011b p\u0159\u00edzniv\u00e1. <br \/><br \/>T\u00edmto \u0159e\u0161en\u00edm z\u00e1kazn\u00edk z\u00edsk\u00e1:<\/p><ul><li>robustn\u00ed \u0159e\u0161en\u00ed postaven\u00e9 na technologi\u00edch IBM;<\/li><li>prax\u00ed ov\u011b\u0159en\u00e9 funk\u010dn\u00ed \u0159e\u0161en\u00ed;<\/li><li>nez\u00e1vislost na dodavateli slu\u017eby;<\/li><li>plnou kontrolu nad ukl\u00e1dan\u00fdmi daty;<\/li><li>mo\u017enost outsourcov\u00e1n\u00ed \u010d\u00e1sti \u010di cel\u00e9 spr\u00e1vy priv\u00e1tn\u00edho cloudu;<\/li><\/ul><p><br \/>V\u00fd\u0161e uveden\u00e9 v\u00fdhody je t\u0159eba zv\u00e1\u017eit s ohledem na n\u011bkter\u00e9 z\u00e1pory tohoto \u0159e\u0161en\u00ed, kter\u00e9 spo\u010d\u00edv\u00e1 zejm\u00e9na v nutnosti investice do HW a SW vybaven\u00ed a nutnosti za\u0161kolen\u00ed obsluhy. Je t\u0159eba tak\u00e9 zv\u00e1\u017eit, \u017ee data ulo\u017een\u00e1 na priv\u00e1tn\u00edm cloudu mohou b\u00fdt nepozornost\u00ed, chybou \u010di \u00famyslem obsluhy smaz\u00e1na. Standardn\u00ed nastaven\u00ed ve\u0159ejn\u00e9 slu\u017eby MojeZaloha.cz znemo\u017e\u0148uje maz\u00e1n\u00ed dat u\u017eivatelem. Tuto funk\u010dnost povolujeme jen do\u010dasn\u011b a na p\u0159\u00edmou \u017e\u00e1dost opr\u00e1vn\u011bn\u00e9 osoby za stranu z\u00e1kazn\u00edka.<\/p><\/div>\n\t\t\t\t\t\t\t<\/div>\n\t\t<\/div>\n\t\t\t\t\t\t<\/div>\n\t\t\t\t<\/div>\n\t\t\t\t\t<\/div>\n\t\t<\/div>\n\t\t\t\t\t<\/div>\n\t\t<\/section>\n\t\t\t\t<\/div>\n\t\t","protected":false},"excerpt":{"rendered":"<p>Ve\u0159ejn\u00fd cloud MojeZaloha.cz Priv\u00e1tn\u00ed cloud MojeZaloha.cz Ve\u0159ejn\u00fd cloud MojeZaloha.cz Ve\u0159ejn\u00fd cloud MojeZ\u00e1loha.cz je slu\u017eba, kter\u00e1 umo\u017e\u0148uje u\u017eivatel\u016fm pravideln\u00e9 bezpe\u010dn\u00e9 z\u00e1lohov\u00e1n\u00ed a obnoven\u00ed d\u016fle\u017eit\u00fdch dat um\u00edst\u011bn\u00fdch na jejich po\u010d\u00edta\u010di. K tomu, aby z\u00e1loha prob\u011bhla nemus\u00ed u\u017eivatel vykonat aktivn\u00ed krok, nepot\u0159ebuje z\u00e1lohovac\u00ed m\u00e9dia. Nainstaluje si z\u00e1lohovac\u00ed program, [&hellip;]<\/p>\n","protected":false},"author":1,"featured_media":0,"parent":0,"menu_order":0,"comment_status":"closed","ping_status":"closed","template":"","meta":{"footnotes":""},"class_list":["post-3812","page","type-page","status-publish","hentry"],"yoast_head":"<!-- This site is optimized with the Yoast SEO plugin v27.1.1 - https:\/\/yoast.com\/product\/yoast-seo-wordpress\/ -->\n<title>Produkty - MojeZaloha.cz<\/title>\n<meta name=\"robots\" content=\"index, follow, max-snippet:-1, max-image-preview:large, max-video-preview:-1\" \/>\n<link rel=\"canonical\" href=\"https:\/\/www.mojezaloha.cz\/index.php\/produkty\/\" \/>\n<meta property=\"og:locale\" content=\"cs_CZ\" \/>\n<meta property=\"og:type\" content=\"article\" \/>\n<meta property=\"og:title\" content=\"Produkty - MojeZaloha.cz\" \/>\n<meta property=\"og:description\" content=\"Ve\u0159ejn\u00fd cloud MojeZaloha.cz Priv\u00e1tn\u00ed cloud MojeZaloha.cz Ve\u0159ejn\u00fd cloud MojeZaloha.cz Ve\u0159ejn\u00fd cloud MojeZ\u00e1loha.cz je slu\u017eba, kter\u00e1 umo\u017e\u0148uje u\u017eivatel\u016fm pravideln\u00e9 bezpe\u010dn\u00e9 z\u00e1lohov\u00e1n\u00ed a obnoven\u00ed d\u016fle\u017eit\u00fdch dat um\u00edst\u011bn\u00fdch na jejich po\u010d\u00edta\u010di. K tomu, aby z\u00e1loha prob\u011bhla nemus\u00ed u\u017eivatel vykonat aktivn\u00ed krok, nepot\u0159ebuje z\u00e1lohovac\u00ed m\u00e9dia. Nainstaluje si z\u00e1lohovac\u00ed program, [&hellip;]\" \/>\n<meta property=\"og:url\" content=\"https:\/\/www.mojezaloha.cz\/index.php\/produkty\/\" \/>\n<meta property=\"og:site_name\" content=\"MojeZaloha.cz\" \/>\n<meta property=\"article:modified_time\" content=\"2020-02-06T15:46:33+00:00\" \/>\n<meta name=\"twitter:card\" content=\"summary_large_image\" \/>\n<meta name=\"twitter:label1\" content=\"Odhadovan\u00e1 doba \u010dten\u00ed\" \/>\n\t<meta name=\"twitter:data1\" content=\"4 minuty\" \/>\n<script type=\"application\/ld+json\" class=\"yoast-schema-graph\">{\"@context\":\"https:\/\/schema.org\",\"@graph\":[{\"@type\":\"WebPage\",\"@id\":\"https:\/\/www.mojezaloha.cz\/index.php\/produkty\/\",\"url\":\"https:\/\/www.mojezaloha.cz\/index.php\/produkty\/\",\"name\":\"Produkty - MojeZaloha.cz\",\"isPartOf\":{\"@id\":\"https:\/\/www.mojezaloha.cz\/#website\"},\"datePublished\":\"2020-01-30T08:47:20+00:00\",\"dateModified\":\"2020-02-06T15:46:33+00:00\",\"breadcrumb\":{\"@id\":\"https:\/\/www.mojezaloha.cz\/index.php\/produkty\/#breadcrumb\"},\"inLanguage\":\"cs\",\"potentialAction\":[{\"@type\":\"ReadAction\",\"target\":[\"https:\/\/www.mojezaloha.cz\/index.php\/produkty\/\"]}]},{\"@type\":\"BreadcrumbList\",\"@id\":\"https:\/\/www.mojezaloha.cz\/index.php\/produkty\/#breadcrumb\",\"itemListElement\":[{\"@type\":\"ListItem\",\"position\":1,\"name\":\"Home\",\"item\":\"https:\/\/www.mojezaloha.cz\/\"},{\"@type\":\"ListItem\",\"position\":2,\"name\":\"Produkty\"}]},{\"@type\":\"WebSite\",\"@id\":\"https:\/\/www.mojezaloha.cz\/#website\",\"url\":\"https:\/\/www.mojezaloha.cz\/\",\"name\":\"MojeZaloha.cz\",\"description\":\"\",\"publisher\":{\"@id\":\"https:\/\/www.mojezaloha.cz\/#organization\"},\"potentialAction\":[{\"@type\":\"SearchAction\",\"target\":{\"@type\":\"EntryPoint\",\"urlTemplate\":\"https:\/\/www.mojezaloha.cz\/?s={search_term_string}\"},\"query-input\":{\"@type\":\"PropertyValueSpecification\",\"valueRequired\":true,\"valueName\":\"search_term_string\"}}],\"inLanguage\":\"cs\"},{\"@type\":\"Organization\",\"@id\":\"https:\/\/www.mojezaloha.cz\/#organization\",\"name\":\"MojeZaloha.cz\",\"url\":\"https:\/\/www.mojezaloha.cz\/\",\"logo\":{\"@type\":\"ImageObject\",\"inLanguage\":\"cs\",\"@id\":\"https:\/\/www.mojezaloha.cz\/#\/schema\/logo\/image\/\",\"url\":\"https:\/\/www.mojezaloha.cz\/wp-content\/uploads\/2020\/01\/cropped-mojezaloha-logo-3-9.png\",\"contentUrl\":\"https:\/\/www.mojezaloha.cz\/wp-content\/uploads\/2020\/01\/cropped-mojezaloha-logo-3-9.png\",\"width\":435,\"height\":136,\"caption\":\"MojeZaloha.cz\"},\"image\":{\"@id\":\"https:\/\/www.mojezaloha.cz\/#\/schema\/logo\/image\/\"}}]}<\/script>\n<!-- \/ Yoast SEO plugin. -->","yoast_head_json":{"title":"Produkty - MojeZaloha.cz","robots":{"index":"index","follow":"follow","max-snippet":"max-snippet:-1","max-image-preview":"max-image-preview:large","max-video-preview":"max-video-preview:-1"},"canonical":"https:\/\/www.mojezaloha.cz\/index.php\/produkty\/","og_locale":"cs_CZ","og_type":"article","og_title":"Produkty - MojeZaloha.cz","og_description":"Ve\u0159ejn\u00fd cloud MojeZaloha.cz Priv\u00e1tn\u00ed cloud MojeZaloha.cz Ve\u0159ejn\u00fd cloud MojeZaloha.cz Ve\u0159ejn\u00fd cloud MojeZ\u00e1loha.cz je slu\u017eba, kter\u00e1 umo\u017e\u0148uje u\u017eivatel\u016fm pravideln\u00e9 bezpe\u010dn\u00e9 z\u00e1lohov\u00e1n\u00ed a obnoven\u00ed d\u016fle\u017eit\u00fdch dat um\u00edst\u011bn\u00fdch na jejich po\u010d\u00edta\u010di. K tomu, aby z\u00e1loha prob\u011bhla nemus\u00ed u\u017eivatel vykonat aktivn\u00ed krok, nepot\u0159ebuje z\u00e1lohovac\u00ed m\u00e9dia. Nainstaluje si z\u00e1lohovac\u00ed program, [&hellip;]","og_url":"https:\/\/www.mojezaloha.cz\/index.php\/produkty\/","og_site_name":"MojeZaloha.cz","article_modified_time":"2020-02-06T15:46:33+00:00","twitter_card":"summary_large_image","twitter_misc":{"Odhadovan\u00e1 doba \u010dten\u00ed":"4 minuty"},"schema":{"@context":"https:\/\/schema.org","@graph":[{"@type":"WebPage","@id":"https:\/\/www.mojezaloha.cz\/index.php\/produkty\/","url":"https:\/\/www.mojezaloha.cz\/index.php\/produkty\/","name":"Produkty - MojeZaloha.cz","isPartOf":{"@id":"https:\/\/www.mojezaloha.cz\/#website"},"datePublished":"2020-01-30T08:47:20+00:00","dateModified":"2020-02-06T15:46:33+00:00","breadcrumb":{"@id":"https:\/\/www.mojezaloha.cz\/index.php\/produkty\/#breadcrumb"},"inLanguage":"cs","potentialAction":[{"@type":"ReadAction","target":["https:\/\/www.mojezaloha.cz\/index.php\/produkty\/"]}]},{"@type":"BreadcrumbList","@id":"https:\/\/www.mojezaloha.cz\/index.php\/produkty\/#breadcrumb","itemListElement":[{"@type":"ListItem","position":1,"name":"Home","item":"https:\/\/www.mojezaloha.cz\/"},{"@type":"ListItem","position":2,"name":"Produkty"}]},{"@type":"WebSite","@id":"https:\/\/www.mojezaloha.cz\/#website","url":"https:\/\/www.mojezaloha.cz\/","name":"MojeZaloha.cz","description":"","publisher":{"@id":"https:\/\/www.mojezaloha.cz\/#organization"},"potentialAction":[{"@type":"SearchAction","target":{"@type":"EntryPoint","urlTemplate":"https:\/\/www.mojezaloha.cz\/?s={search_term_string}"},"query-input":{"@type":"PropertyValueSpecification","valueRequired":true,"valueName":"search_term_string"}}],"inLanguage":"cs"},{"@type":"Organization","@id":"https:\/\/www.mojezaloha.cz\/#organization","name":"MojeZaloha.cz","url":"https:\/\/www.mojezaloha.cz\/","logo":{"@type":"ImageObject","inLanguage":"cs","@id":"https:\/\/www.mojezaloha.cz\/#\/schema\/logo\/image\/","url":"https:\/\/www.mojezaloha.cz\/wp-content\/uploads\/2020\/01\/cropped-mojezaloha-logo-3-9.png","contentUrl":"https:\/\/www.mojezaloha.cz\/wp-content\/uploads\/2020\/01\/cropped-mojezaloha-logo-3-9.png","width":435,"height":136,"caption":"MojeZaloha.cz"},"image":{"@id":"https:\/\/www.mojezaloha.cz\/#\/schema\/logo\/image\/"}}]}},"_links":{"self":[{"href":"https:\/\/www.mojezaloha.cz\/index.php\/wp-json\/wp\/v2\/pages\/3812","targetHints":{"allow":["GET"]}}],"collection":[{"href":"https:\/\/www.mojezaloha.cz\/index.php\/wp-json\/wp\/v2\/pages"}],"about":[{"href":"https:\/\/www.mojezaloha.cz\/index.php\/wp-json\/wp\/v2\/types\/page"}],"author":[{"embeddable":true,"href":"https:\/\/www.mojezaloha.cz\/index.php\/wp-json\/wp\/v2\/users\/1"}],"replies":[{"embeddable":true,"href":"https:\/\/www.mojezaloha.cz\/index.php\/wp-json\/wp\/v2\/comments?post=3812"}],"version-history":[{"count":15,"href":"https:\/\/www.mojezaloha.cz\/index.php\/wp-json\/wp\/v2\/pages\/3812\/revisions"}],"predecessor-version":[{"id":4108,"href":"https:\/\/www.mojezaloha.cz\/index.php\/wp-json\/wp\/v2\/pages\/3812\/revisions\/4108"}],"wp:attachment":[{"href":"https:\/\/www.mojezaloha.cz\/index.php\/wp-json\/wp\/v2\/media?parent=3812"}],"curies":[{"name":"wp","href":"https:\/\/api.w.org\/{rel}","templated":true}]}}